{"id":868,"date":"2022-07-18T08:10:08","date_gmt":"2022-07-18T07:10:08","guid":{"rendered":"http:\/\/192.168.206.17\/?page_id=868"},"modified":"2025-09-12T13:09:03","modified_gmt":"2025-09-12T12:09:03","slug":"curriculum","status":"publish","type":"page","link":"https:\/\/www.bettinamarionulrich.ch\/?page_id=868","title":{"rendered":"Curriculum"},"content":{"rendered":"\n<p>Geboren am 9. Februar 1964 in Einsiedeln<br>Aufgewachsen in verschiedenen Orten in der Schweiz<br>Ausbildung zur P\u00e4dagogin und Kunstschaffenden in der Schweiz<br>Ausbildung in England, Sprache, Kunst, Psychologie<br>F\u00fchrungsposition in einem p\u00e4dagogischen Unternehmen<br>Reisen und Kunstschaffen in Frankreich und Spanien<br>Reisen und Kunstschaffen in Thailand, Vietnam, Singapur, China<br>Studium der Philosophie Universit\u00e4t Z\u00fcrich<br>Firmen- und Privatauftr\u00e4ge seit der ersten Ausstellung 1993<br>Internationale Aus-und Weiterbildungen im k\u00fcnstlerischen Schaffen bei verschiedenen Kunst-LehrmeisterInnen<br>und an der Schule f\u00fcr Gestaltung Z\u00fcrich<\/p>\n\n\n\n<div style=\"height:20px\" aria-hidden=\"true\" class=\"wp-block-spacer\"><\/div>\n\n\n\n<h2 class=\"wp-block-heading\">Curriculum<\/h2>\n\n\n\n<p>Born on February 9, 1964 in Einsiedeln, Switzerland<br>Spent her childhood in various places across Switzerland<br>Educated in Switzerland for art education<br>Educated in England for language, art, and psychology<br>Management position in an educational company<br>Travels and art creation in France and Spain<br>Travels and art creation in Thailand, Vietnam, Singapore, China<br>Studied philosophy at the University of Zurich<br>Corporate and private commissions since first exhibition in 1993<br>International education and training in artistic creation in various disciplines<br>with different art teachers and at the School of Design Zurich<\/p>\n\n\n\n<h2 class=\"wp-block-heading\">\u00abKunst mit allen Sinnen\u00bb<\/h2>\n\n\n\n<p>Bettina Marion Ulrich m\u00f6chte mit ihren Werken die Betrachter erfreuen. Ihre Sensitivit\u00e4t,<br>die Feinf\u00fchligkeit der K\u00fcnstlerin ist in ihren Bildern und Skulpturen sicht- und<br>f\u00fchlbar. Sie l\u00e4sst die Betrachter f\u00fcr die Interpretation ihrer Werke bewusst Spielr\u00e4ume.<br>Eine Botschaft ist die Verbundenheit und Verschmelzung, Eins-Sein, Sch\u00f6nheit<br>durch Vollkommenheit, Ganz-Sein, wonach wir Menschen uns sehnen. Verschmelzung<br>und N\u00e4he k\u00f6nnen kein Dauerzustand sein. Ein sinnvolles Mass an Distanz ist<br>immer wieder n\u00f6tig und letztlich nur eine gesunde Balance zwischen den Polen<br>Distanz und N\u00e4he bedeutet wahre Lebenskunst.<br>Die K\u00fcnstlerin malt ihre Bilder nicht nur wie die meisten mit dem Pinsel. Sie malt<br>auch mit den blossen H\u00e4nden und den Fingern direkt auf die Leinwand oder Papier,<br>meist mit Acryl, Gouache, Pastell und reinen Pigmenten. Oft kommen auch Kohle,<br>Farb- und Wachsstifte zum Einsatz. Dabei arbeitet sie einerseits mit den reinen<br>Komplement\u00e4rfarben rot-gr\u00fcn und violett\/blau-gelb, wobei sie immer wieder Weissanteile<br>zuf\u00fcgt. Sie geht sehr spielerisch mit Pastellt\u00f6nen um. Sie kombiniert reine<br>Farben als Vordergrund und Pastellt\u00f6ne als Hintergrund, wodurch eine subtile Tiefe<br>entsteht.<br>Ein kunstphilosophisches Thema ihrer Werke ist die Verbundenheit in der Bewegung<br>durch die Zeit. Die Bewegung hat weder Anfang noch Ende. W\u00fcrden wir<br>alle Ereignisse im Leben als Stationen in einem Bewegungsablauf begreifen, dann<br>h\u00e4tten wir kein Bed\u00fcrfnis mehr, die Zeit anzuhalten. In diesem sehr tiefen Sinne<br>k\u00f6nnte uns diese Aussage lehren, nicht mehr die einzelnen Stationen, sondern den<br>Bewegungsablauf als Ganzes zu sehen. M\u00f6glich, dass wir aus einer solchen Sicht<br>heraus den Wechself\u00e4llen des Lebens etwas ruhiger gegen\u00fcberstehen, dass wir in<br>der Bewegung und Ver\u00e4nderung die eigentliche Stabilit\u00e4t erkennen und damit das<br>Ewige im Verg\u00e4nglichen entdecken.<\/p>\n","protected":false},"excerpt":{"rendered":"<p>Geboren am 9. Februar 1964 in EinsiedelnAufgewachsen in verschiedenen Orten in der SchweizAusbildung zur P\u00e4dagogin und Kunstschaffenden in der SchweizAusbildung in England, Sprache, Kunst, PsychologieF\u00fchrungsposition in einem p\u00e4dagogischen UnternehmenReisen und Kunstschaffen in Frankreich und SpanienReisen und Kunstschaffen in Thailand, Vietnam, &hellip; <a href=\"https:\/\/www.bettinamarionulrich.ch\/?page_id=868\">Read more <span class=\"meta-nav\">&raquo;<\/span><\/a><\/p>\n","protected":false},"author":1,"featured_media":0,"parent":323,"menu_order":0,"comment_status":"closed","ping_status":"closed","template":"","meta":{"ngg_post_thumbnail":0,"footnotes":""},"class_list":["post-868","page","type-page","status-publish","hentry"],"_links":{"self":[{"href":"https:\/\/www.bettinamarionulrich.ch\/index.php?rest_route=\/wp\/v2\/pages\/868","targetHints":{"allow":["GET"]}}],"collection":[{"href":"https:\/\/www.bettinamarionulrich.ch\/index.php?rest_route=\/wp\/v2\/pages"}],"about":[{"href":"https:\/\/www.bettinamarionulrich.ch\/index.php?rest_route=\/wp\/v2\/types\/page"}],"author":[{"embeddable":true,"href":"https:\/\/www.bettinamarionulrich.ch\/index.php?rest_route=\/wp\/v2\/users\/1"}],"replies":[{"embeddable":true,"href":"https:\/\/www.bettinamarionulrich.ch\/index.php?rest_route=%2Fwp%2Fv2%2Fcomments&post=868"}],"version-history":[{"count":14,"href":"https:\/\/www.bettinamarionulrich.ch\/index.php?rest_route=\/wp\/v2\/pages\/868\/revisions"}],"predecessor-version":[{"id":1444,"href":"https:\/\/www.bettinamarionulrich.ch\/index.php?rest_route=\/wp\/v2\/pages\/868\/revisions\/1444"}],"up":[{"embeddable":true,"href":"https:\/\/www.bettinamarionulrich.ch\/index.php?rest_route=\/wp\/v2\/pages\/323"}],"wp:attachment":[{"href":"https:\/\/www.bettinamarionulrich.ch\/index.php?rest_route=%2Fwp%2Fv2%2Fmedia&parent=868"}],"curies":[{"name":"wp","href":"https:\/\/api.w.org\/{rel}","templated":true}]}}