{"id":165,"date":"2013-03-23T14:55:23","date_gmt":"2013-03-23T13:55:23","guid":{"rendered":"http:\/\/create.bettinamarionulrich.ch\/?page_id=165"},"modified":"2025-09-12T10:14:01","modified_gmt":"2025-09-12T09:14:01","slug":"ausstellungen","status":"publish","type":"page","link":"https:\/\/www.bettinamarionulrich.ch\/?page_id=165","title":{"rendered":"Ausstellungen"},"content":{"rendered":"\n<p>Erste Ausstellung in Wien 1993<br>Diverse Ausstellungen im In- und Ausland<br>Bebildern der Raiffeisenbanken Walchwil und Baar<br>Auftr\u00e4ge f\u00fcr Firmenbilder<br>Kunst am Bau in Spanien<br>Art Expo Paris und ArtMuc M\u00fcnchen 2022<br>Mitglied des Kunstvereins Kunst-Z\u00fcrich-S\u00fcd seit 2021<br>Art3F Internationale Messe Z\u00fcrich 2023<br>Art International Z\u00fcrich 2023<br>INC Art fair Bodensee Dornbirn 2025<br>Bank Thalwil Adliswil 2026\/2027<br>Gemeindehaus Kilchberg ZH 2027<\/p>\n\n\n\n<div style=\"height:19px\" aria-hidden=\"true\" class=\"wp-block-spacer\"><\/div>\n\n\n\n<h2 class=\"wp-block-heading\">Exhibitions<\/h2>\n\n\n\n<p>First exhibition in Vienna 1993<br>Various exhibitions in Switzerland and abroad<br>Commissions for various corporate clients, including the Raiffeisenbanks Walchwil and Baar<br>Mural on Building in Spain<br>Art Expo Paris and ArtMuc Munich 2022<br>Member of the art association Kunst-Z\u00fcrich-S\u00fcd since 2021<br>Art3F International Fair Zurich 2023<br>Art International Zurich 2023<br>INC Art Fair Lake Constance Dornbirn 2025<br>Bank Thalwil Adliswil 2026\/2027<br>Kilchberg Community Center ZH 2027<\/p>\n","protected":false},"excerpt":{"rendered":"<p>Erste Ausstellung in Wien 1993Diverse Ausstellungen im In- und AuslandBebildern der Raiffeisenbanken Walchwil und BaarAuftr\u00e4ge f\u00fcr FirmenbilderKunst am Bau in SpanienArt Expo Paris und ArtMuc M\u00fcnchen 2022Mitglied des Kunstvereins Kunst-Z\u00fcrich-S\u00fcd seit 2021Art3F Internationale Messe Z\u00fcrich 2023Art International Z\u00fcrich 2023INC Art &hellip; <a href=\"https:\/\/www.bettinamarionulrich.ch\/?page_id=165\">Read more <span class=\"meta-nav\">&raquo;<\/span><\/a><\/p>\n","protected":false},"author":1,"featured_media":0,"parent":0,"menu_order":0,"comment_status":"closed","ping_status":"open","template":"","meta":{"ngg_post_thumbnail":0,"footnotes":""},"class_list":["post-165","page","type-page","status-publish","hentry"],"_links":{"self":[{"href":"https:\/\/www.bettinamarionulrich.ch\/index.php?rest_route=\/wp\/v2\/pages\/165","targetHints":{"allow":["GET"]}}],"collection":[{"href":"https:\/\/www.bettinamarionulrich.ch\/index.php?rest_route=\/wp\/v2\/pages"}],"about":[{"href":"https:\/\/www.bettinamarionulrich.ch\/index.php?rest_route=\/wp\/v2\/types\/page"}],"author":[{"embeddable":true,"href":"https:\/\/www.bettinamarionulrich.ch\/index.php?rest_route=\/wp\/v2\/users\/1"}],"replies":[{"embeddable":true,"href":"https:\/\/www.bettinamarionulrich.ch\/index.php?rest_route=%2Fwp%2Fv2%2Fcomments&post=165"}],"version-history":[{"count":9,"href":"https:\/\/www.bettinamarionulrich.ch\/index.php?rest_route=\/wp\/v2\/pages\/165\/revisions"}],"predecessor-version":[{"id":1382,"href":"https:\/\/www.bettinamarionulrich.ch\/index.php?rest_route=\/wp\/v2\/pages\/165\/revisions\/1382"}],"wp:attachment":[{"href":"https:\/\/www.bettinamarionulrich.ch\/index.php?rest_route=%2Fwp%2Fv2%2Fmedia&parent=165"}],"curies":[{"name":"wp","href":"https:\/\/api.w.org\/{rel}","templated":true}]}}